{"id":24422,"date":"2025-03-30T20:15:58","date_gmt":"2025-03-30T20:15:58","guid":{"rendered":"https:\/\/flpnv.be\/?page_id=24422"},"modified":"2026-02-23T20:57:48","modified_gmt":"2026-02-23T20:57:48","slug":"vacatures","status":"publish","type":"page","link":"https:\/\/flpnv.be\/tr\/vacatures\/","title":{"rendered":"I\u015f ilanlar\u0131"},"content":{"rendered":"<div data-elementor-type=\"wp-page\" data-elementor-id=\"24422\" class=\"elementor elementor-24422\" data-elementor-post-type=\"page\">\n\t\t\t\t<div class=\"elementor-element elementor-element-64189be e-flex e-con-boxed e-con e-parent\" data-id=\"64189be\" data-element_type=\"container\" data-e-type=\"container\" data-settings=\"{&quot;background_background&quot;:&quot;classic&quot;,&quot;ekit_has_onepagescroll_dot&quot;:&quot;yes&quot;}\">\n\t\t\t\t\t<div class=\"e-con-inner\">\n\t\t\t\t<div class=\"elementor-element elementor-element-9c5e5fd elementor-widget elementor-widget-heading\" data-id=\"9c5e5fd\" data-element_type=\"widget\" data-e-type=\"widget\" data-settings=\"{&quot;ekit_we_effect_on&quot;:&quot;none&quot;}\" data-widget_type=\"heading.default\">\n\t\t\t\t<div class=\"elementor-widget-container\">\n\t\t\t\t\t<h2 class=\"elementor-heading-title elementor-size-default\">I\u015f ilanlar\u0131<\/h2>\t\t\t\t<\/div>\n\t\t\t\t<\/div>\n\t\t\t\t<div class=\"elementor-element elementor-element-883fe06 elementor-widget elementor-widget-elementskit-breadcrumb\" data-id=\"883fe06\" data-element_type=\"widget\" data-e-type=\"widget\" data-settings=\"{&quot;ekit_we_effect_on&quot;:&quot;none&quot;}\" data-widget_type=\"elementskit-breadcrumb.default\">\n\t\t\t\t<div class=\"elementor-widget-container\">\n\t\t\t\t\t<div class=\"ekit-wid-con\" ><ol class=\"ekit-breadcrumb\"><li class=\"ekit_breadcrumbs_start\"><a href=\"https:\/\/flpnv.be\/tr\/\">Ana sayfa<\/a><\/li> <li class=\"brd_sep\"> &raquo; <\/li>  <li>I\u015f ilanlar\u0131<\/li><\/ol><\/div>\t\t\t\t<\/div>\n\t\t\t\t<\/div>\n\t\t\t\t\t<\/div>\n\t\t\t\t<\/div>\n\t\t<div class=\"elementor-element elementor-element-d0b088d e-flex e-con-boxed e-con e-parent\" data-id=\"d0b088d\" data-element_type=\"container\" data-e-type=\"container\" data-settings=\"{&quot;ekit_has_onepagescroll_dot&quot;:&quot;yes&quot;}\">\n\t\t\t\t\t<div class=\"e-con-inner\">\n\t\t\t\t<div class=\"elementor-element elementor-element-b6a051f elementor-widget elementor-widget-shortcode\" data-id=\"b6a051f\" data-element_type=\"widget\" data-e-type=\"widget\" data-settings=\"{&quot;ekit_we_effect_on&quot;:&quot;none&quot;}\" data-widget_type=\"shortcode.default\">\n\t\t\t\t<div class=\"elementor-widget-container\">\n\t\t\t\t\t\t\t<div class=\"elementor-shortcode\"><div class=\"job_listings\" data-location=\"\" data-keywords=\"\" data-show_filters=\"true\" data-show_pagination=\"false\" data-per_page=\"10\" data-orderby=\"featured\" data-order=\"DESC\" data-categories=\"\" data-disable-form-state-storage=\"\" data-featured_first=\"false\" data-post_id=\"24422\" >\n<form class=\"job_filters\" action=\"\">\n\t\n\t<div class=\"search_jobs\">\n\t\t\n\t\t<div class=\"search_keywords\">\n\t\t\t<label for=\"search_keywords\">Anahtar Kelimeler<\/label>\n\t\t\t<input type=\"text\" name=\"search_keywords\" id=\"search_keywords\" placeholder=\"Anahtar Kelimeler\" value=\"\" \/>\n\t\t<\/div>\n\n\t\t<div class=\"search_location\">\n\t\t\t<label for=\"search_location\">Lokasyon<\/label>\n\t\t\t<input type=\"text\" name=\"search_location\" id=\"search_location\" placeholder=\"Lokasyon\" value=\"\" \/>\n\t\t<\/div>\n\n\t\t\t\t\t<div class=\"search_remote_position\">\n\t\t\t\t<input type=\"checkbox\" class=\"input-checkbox\" name=\"remote_position\" id=\"remote_position\" placeholder=\"Lokasyon\" value=\"1\"  \/>\n\t\t\t\t<label for=\"remote_position\" id=\"remote_position_label\">Remote positions only<\/label>\n\t\t\t<\/div>\n\t\t\n\t\t<div style=\"clear: both\"><\/div>\n\n\t\t\n\t\t\t\t\t<div class=\"search_submit\">\n\t\t\t\t<input type=\"submit\" value=\"\u0130\u015f ara\">\n\t\t\t<\/div>\n\t\t\n\t\t\t<\/div>\n\n\t\t<ul class=\"job_types\">\n\t\t\t\t\t<li><label for=\"job_type_deeltijds\" class=\"deeltijds\"><input type=\"checkbox\" name=\"filter_job_type[]\" value=\"deeltijds\"  checked='checked' id=\"job_type_deeltijds\" \/> Yar\u0131 zamanl\u0131<\/label><\/li>\n\t\t\t\t\t<li><label for=\"job_type_stagiair\" class=\"stagiair\"><input type=\"checkbox\" name=\"filter_job_type[]\" value=\"stagiair\"  checked='checked' id=\"job_type_stagiair\" \/> Stajyer<\/label><\/li>\n\t\t\t\t\t<li><label for=\"job_type_voltijds\" class=\"voltijds\"><input type=\"checkbox\" name=\"filter_job_type[]\" value=\"voltijds\"  checked='checked' id=\"job_type_voltijds\" \/> Tam zamanl\u0131<\/label><\/li>\n\t\t\t<\/ul>\n\t<input type=\"hidden\" name=\"filter_job_type[]\" value=\"\" \/>\n<div class=\"showing_jobs\"><\/div><input type=\"hidden\" name=\"trp-form-language\" value=\"tr\"\/><\/form>\n\n\n<noscript>Taray\u0131c\u0131n\u0131z JavaScript desteklemiyor ya da JavaScript&rsquo;i devre d\u0131\u015f\u0131 b\u0131rakm\u0131\u015f. \u0130lanlar\u0131 g\u00f6rebilmek i\u00e7in JavaScript aktif olmal\u0131d\u0131r.<\/noscript>\n<ul class=\"job_listings\">\n<\/ul>\n<a class=\"load_more_jobs\" href=\"#\" style=\"display:none;\"><strong>Daha fazla ilan<\/strong><\/a><\/div>\n<\/div>\n\t\t\t\t\t\t<\/div>\n\t\t\t\t<\/div>\n\t\t\t\t\t<\/div>\n\t\t\t\t<\/div>\n\t\t\t\t<\/div>","protected":false},"excerpt":{"rendered":"<p>Vacatures Home<\/p>","protected":false},"author":1,"featured_media":0,"parent":0,"menu_order":4,"comment_status":"closed","ping_status":"closed","template":"","meta":{"footnotes":""},"class_list":["post-24422","page","type-page","status-publish","hentry"],"yoast_head":"<!-- This site is optimized with the Yoast SEO Premium plugin v21.7 (Yoast SEO v27.0) - https:\/\/yoast.com\/product\/yoast-seo-premium-wordpress\/ -->\n<title>Vacatures - LINC &amp; PARTNERS<\/title>\n<meta name=\"robots\" content=\"index, follow, max-snippet:-1, max-image-preview:large, max-video-preview:-1\" \/>\n<link rel=\"canonical\" href=\"https:\/\/flpnv.be\/tr\/vacatures\/\" \/>\n<meta property=\"og:locale\" content=\"tr_TR\" \/>\n<meta property=\"og:type\" content=\"article\" \/>\n<meta property=\"og:title\" content=\"Vacatures\" \/>\n<meta property=\"og:description\" content=\"Vacatures Home\" \/>\n<meta property=\"og:url\" content=\"https:\/\/flpnv.be\/tr\/vacatures\/\" \/>\n<meta property=\"og:site_name\" content=\"LINC &amp; PARTNERS\" \/>\n<meta property=\"article:modified_time\" content=\"2026-02-23T20:57:48+00:00\" \/>\n<meta name=\"twitter:card\" content=\"summary_large_image\" \/>\n<meta name=\"twitter:label1\" content=\"Tahmini okuma s\u00fcresi\" \/>\n\t<meta name=\"twitter:data1\" content=\"1 dakika\" \/>\n<script type=\"application\/ld+json\" class=\"yoast-schema-graph\">{\"@context\":\"https:\/\/schema.org\",\"@graph\":[{\"@type\":\"WebPage\",\"@id\":\"https:\/\/flpnv.be\/vacatures\/\",\"url\":\"https:\/\/flpnv.be\/vacatures\/\",\"name\":\"Vacatures - LINC &amp; PARTNERS\",\"isPartOf\":{\"@id\":\"https:\/\/darkorchid-dotterel-890999.hostingersite.com\/#website\"},\"datePublished\":\"2025-03-30T20:15:58+00:00\",\"dateModified\":\"2026-02-23T20:57:48+00:00\",\"breadcrumb\":{\"@id\":\"https:\/\/flpnv.be\/vacatures\/#breadcrumb\"},\"inLanguage\":\"tr\",\"potentialAction\":[{\"@type\":\"ReadAction\",\"target\":[\"https:\/\/flpnv.be\/vacatures\/\"]}]},{\"@type\":\"BreadcrumbList\",\"@id\":\"https:\/\/flpnv.be\/vacatures\/#breadcrumb\",\"itemListElement\":[{\"@type\":\"ListItem\",\"position\":1,\"name\":\"Home\",\"item\":\"https:\/\/flpnv.be\/\"},{\"@type\":\"ListItem\",\"position\":2,\"name\":\"Vacatures\"}]},{\"@type\":\"WebSite\",\"@id\":\"https:\/\/darkorchid-dotterel-890999.hostingersite.com\/#website\",\"url\":\"https:\/\/darkorchid-dotterel-890999.hostingersite.com\/\",\"name\":\"LINC &amp; PARTNERS\",\"description\":\"\",\"potentialAction\":[{\"@type\":\"SearchAction\",\"target\":{\"@type\":\"EntryPoint\",\"urlTemplate\":\"https:\/\/darkorchid-dotterel-890999.hostingersite.com\/?s={search_term_string}\"},\"query-input\":{\"@type\":\"PropertyValueSpecification\",\"valueRequired\":true,\"valueName\":\"search_term_string\"}}],\"inLanguage\":\"tr\"}]}<\/script>\n<!-- \/ Yoast SEO Premium plugin. -->","yoast_head_json":{"title":"Vacatures - LINC &amp; PARTNERS","robots":{"index":"index","follow":"follow","max-snippet":"max-snippet:-1","max-image-preview":"max-image-preview:large","max-video-preview":"max-video-preview:-1"},"canonical":"https:\/\/flpnv.be\/tr\/vacatures\/","og_locale":"tr_TR","og_type":"article","og_title":"Vacatures","og_description":"Vacatures Home","og_url":"https:\/\/flpnv.be\/tr\/vacatures\/","og_site_name":"LINC &amp; PARTNERS","article_modified_time":"2026-02-23T20:57:48+00:00","twitter_card":"summary_large_image","twitter_misc":{"Tahmini okuma s\u00fcresi":"1 dakika"},"schema":{"@context":"https:\/\/schema.org","@graph":[{"@type":"WebPage","@id":"https:\/\/flpnv.be\/vacatures\/","url":"https:\/\/flpnv.be\/vacatures\/","name":"Vacatures - LINC &amp; PARTNERS","isPartOf":{"@id":"https:\/\/darkorchid-dotterel-890999.hostingersite.com\/#website"},"datePublished":"2025-03-30T20:15:58+00:00","dateModified":"2026-02-23T20:57:48+00:00","breadcrumb":{"@id":"https:\/\/flpnv.be\/vacatures\/#breadcrumb"},"inLanguage":"tr","potentialAction":[{"@type":"ReadAction","target":["https:\/\/flpnv.be\/vacatures\/"]}]},{"@type":"BreadcrumbList","@id":"https:\/\/flpnv.be\/vacatures\/#breadcrumb","itemListElement":[{"@type":"ListItem","position":1,"name":"Home","item":"https:\/\/flpnv.be\/"},{"@type":"ListItem","position":2,"name":"Vacatures"}]},{"@type":"WebSite","@id":"https:\/\/darkorchid-dotterel-890999.hostingersite.com\/#website","url":"https:\/\/darkorchid-dotterel-890999.hostingersite.com\/","name":"LINC &amp; PARTNERS A.\u015e.","description":"","potentialAction":[{"@type":"SearchAction","target":{"@type":"EntryPoint","urlTemplate":"https:\/\/darkorchid-dotterel-890999.hostingersite.com\/?s={search_term_string}"},"query-input":{"@type":"PropertyValueSpecification","valueRequired":true,"valueName":"search_term_string"}}],"inLanguage":"tr"}]}},"_links":{"self":[{"href":"https:\/\/flpnv.be\/tr\/wp-json\/wp\/v2\/pages\/24422","targetHints":{"allow":["GET"]}}],"collection":[{"href":"https:\/\/flpnv.be\/tr\/wp-json\/wp\/v2\/pages"}],"about":[{"href":"https:\/\/flpnv.be\/tr\/wp-json\/wp\/v2\/types\/page"}],"author":[{"embeddable":true,"href":"https:\/\/flpnv.be\/tr\/wp-json\/wp\/v2\/users\/1"}],"replies":[{"embeddable":true,"href":"https:\/\/flpnv.be\/tr\/wp-json\/wp\/v2\/comments?post=24422"}],"version-history":[{"count":10,"href":"https:\/\/flpnv.be\/tr\/wp-json\/wp\/v2\/pages\/24422\/revisions"}],"predecessor-version":[{"id":25625,"href":"https:\/\/flpnv.be\/tr\/wp-json\/wp\/v2\/pages\/24422\/revisions\/25625"}],"wp:attachment":[{"href":"https:\/\/flpnv.be\/tr\/wp-json\/wp\/v2\/media?parent=24422"}],"curies":[{"name":"wp","href":"https:\/\/api.w.org\/{rel}","templated":true}]}}