{"id":24834,"date":"2025-04-18T18:54:27","date_gmt":"2025-04-18T18:54:27","guid":{"rendered":"https:\/\/flpnv.be\/?page_id=24834"},"modified":"2026-02-23T20:57:58","modified_gmt":"2026-02-23T20:57:58","slug":"diensten","status":"publish","type":"page","link":"https:\/\/flpnv.be\/tr\/diensten\/","title":{"rendered":"Hizmetler"},"content":{"rendered":"<div data-elementor-type=\"wp-page\" data-elementor-id=\"24834\" class=\"elementor elementor-24834\" data-elementor-post-type=\"page\">\n\t\t\t\t<div class=\"elementor-element elementor-element-46cde43 e-flex e-con-boxed e-con e-parent\" data-id=\"46cde43\" data-element_type=\"container\" data-e-type=\"container\" data-settings=\"{&quot;background_background&quot;:&quot;classic&quot;,&quot;ekit_has_onepagescroll_dot&quot;:&quot;yes&quot;}\">\n\t\t\t\t\t<div class=\"e-con-inner\">\n\t\t\t\t<div class=\"elementor-element elementor-element-a8d78b9 elementor-widget elementor-widget-heading\" data-id=\"a8d78b9\" data-element_type=\"widget\" data-e-type=\"widget\" data-settings=\"{&quot;ekit_we_effect_on&quot;:&quot;none&quot;}\" data-widget_type=\"heading.default\">\n\t\t\t\t<div class=\"elementor-widget-container\">\n\t\t\t\t\t<h2 class=\"elementor-heading-title elementor-size-default\">Hizmetler<\/h2>\t\t\t\t<\/div>\n\t\t\t\t<\/div>\n\t\t\t\t<div class=\"elementor-element elementor-element-02372b8 elementor-widget elementor-widget-elementskit-breadcrumb\" data-id=\"02372b8\" data-element_type=\"widget\" data-e-type=\"widget\" data-settings=\"{&quot;ekit_we_effect_on&quot;:&quot;none&quot;}\" data-widget_type=\"elementskit-breadcrumb.default\">\n\t\t\t\t<div class=\"elementor-widget-container\">\n\t\t\t\t\t<div class=\"ekit-wid-con\" ><ol class=\"ekit-breadcrumb\"><li class=\"ekit_breadcrumbs_start\"><a href=\"https:\/\/flpnv.be\/tr\/\">Ana sayfa<\/a><\/li> <li class=\"brd_sep\"> &raquo; <\/li>  <li>Hizmetler<\/li><\/ol><\/div>\t\t\t\t<\/div>\n\t\t\t\t<\/div>\n\t\t\t\t\t<\/div>\n\t\t\t\t<\/div>\n\t\t<div class=\"elementor-element elementor-element-f9a682d e-flex e-con-boxed e-con e-parent\" data-id=\"f9a682d\" data-element_type=\"container\" data-e-type=\"container\" data-settings=\"{&quot;ekit_has_onepagescroll_dot&quot;:&quot;yes&quot;}\">\n\t\t\t\t\t<div class=\"e-con-inner\">\n\t\t\t\t<div class=\"elementor-element elementor-element-73d626c animated-fast elementor-invisible elementor-widget elementor-widget-elementskit-heading\" data-id=\"73d626c\" data-element_type=\"widget\" data-e-type=\"widget\" data-settings=\"{&quot;_animation&quot;:&quot;fadeIn&quot;,&quot;ekit_we_effect_on&quot;:&quot;css&quot;,&quot;_animation_delay&quot;:100}\" data-widget_type=\"elementskit-heading.default\">\n\t\t\t\t<div class=\"elementor-widget-container\">\n\t\t\t\t\t<div class=\"ekit-wid-con\" ><div class=\"ekit-heading elementskit-section-title-wraper text_center   ekit_heading_tablet-   ekit_heading_mobile-\"><h1 class=\"ekit-heading--title elementskit-section-title\">Muhasebe ve Vergilendirme<\/h1><\/div><\/div>\t\t\t\t<\/div>\n\t\t\t\t<\/div>\n\t\t\t\t\t<\/div>\n\t\t\t\t<\/div>\n\t\t<div class=\"elementor-element elementor-element-476a934 e-flex e-con-boxed e-con e-parent\" data-id=\"476a934\" data-element_type=\"container\" data-e-type=\"container\" data-settings=\"{&quot;ekit_has_onepagescroll_dot&quot;:&quot;yes&quot;}\">\n\t\t\t\t\t<div class=\"e-con-inner\">\n\t\t<div class=\"elementor-element elementor-element-722993f e-grid e-con-full e-con e-child\" data-id=\"722993f\" data-element_type=\"container\" data-e-type=\"container\" data-settings=\"{&quot;ekit_has_onepagescroll_dot&quot;:&quot;yes&quot;}\">\n\t\t<div class=\"elementor-element elementor-element-db79ddf e-con-full e-flex e-con e-child\" data-id=\"db79ddf\" data-element_type=\"container\" data-e-type=\"container\" data-settings=\"{&quot;background_background&quot;:&quot;classic&quot;,&quot;ekit_has_onepagescroll_dot&quot;:&quot;yes&quot;}\">\n\t\t\t\t<div class=\"elementor-element elementor-element-fd50da9 elementor-view-default elementor-position-block-start elementor-mobile-position-block-start elementor-widget elementor-widget-icon-box\" data-id=\"fd50da9\" data-element_type=\"widget\" data-e-type=\"widget\" data-settings=\"{&quot;ekit_we_effect_on&quot;:&quot;none&quot;}\" data-widget_type=\"icon-box.default\">\n\t\t\t\t<div class=\"elementor-widget-container\">\n\t\t\t\t\t\t\t<div class=\"elementor-icon-box-wrapper\">\n\n\t\t\t\t\t\t<div class=\"elementor-icon-box-icon\">\n\t\t\t\t<span  class=\"elementor-icon\">\n\t\t\t\t<i aria-hidden=\"true\" class=\"fas fa-user\"><\/i>\t\t\t\t<\/span>\n\t\t\t<\/div>\n\t\t\t\n\t\t\t\t\t\t<div class=\"elementor-icon-box-content\">\n\n\t\t\t\t\t\t\t\t\t<h3 class=\"elementor-icon-box-title\">\n\t\t\t\t\t\t<span  >\n\t\t\t\t\t\t\t\u015eirket kurulu\u015f rehberli\u011fi\t\t\t\t\t\t<\/span>\n\t\t\t\t\t<\/h3>\n\t\t\t\t\n\t\t\t\t\t\t\t\t\t<p class=\"elementor-icon-box-description\">\n\t\t\t\t\t\t\u0130\u015finizi kurma konusunda rehberlik,\nDo\u011fru i\u015f formunun se\u00e7ilmesi ve\nKay\u0131t.\t\t\t\t\t<\/p>\n\t\t\t\t\n\t\t\t<\/div>\n\t\t\t\n\t\t<\/div>\n\t\t\t\t\t\t<\/div>\n\t\t\t\t<\/div>\n\t\t\t\t<\/div>\n\t\t<div class=\"elementor-element elementor-element-e1a38e4 e-con-full e-flex e-con e-child\" data-id=\"e1a38e4\" data-element_type=\"container\" data-e-type=\"container\" data-settings=\"{&quot;ekit_has_onepagescroll_dot&quot;:&quot;yes&quot;}\">\n\t\t\t\t<div class=\"elementor-element elementor-element-969827c elementor-view-default elementor-position-block-start elementor-mobile-position-block-start elementor-widget elementor-widget-icon-box\" data-id=\"969827c\" data-element_type=\"widget\" data-e-type=\"widget\" data-settings=\"{&quot;ekit_we_effect_on&quot;:&quot;none&quot;}\" data-widget_type=\"icon-box.default\">\n\t\t\t\t<div class=\"elementor-widget-container\">\n\t\t\t\t\t\t\t<div class=\"elementor-icon-box-wrapper\">\n\n\t\t\t\t\t\t<div class=\"elementor-icon-box-icon\">\n\t\t\t\t<span  class=\"elementor-icon\">\n\t\t\t\t<svg xmlns=\"http:\/\/www.w3.org\/2000\/svg\" id=\"Layer_1\" data-name=\"Layer 1\" viewbox=\"0 0 24 24\"><path d=\"m21,0H6.499c-1.929,0-3.499,1.571-3.499,3.5v3.5c0,.552.448,1,1,1s1-.448,1-1v-3.5c0-.827.673-1.5,1.5-1.5s1.5.673,1.5,1.5c0,1.378,1.122,2.5,2.5,2.5h8.5v13c0,1.654-1.346,3-3,3h-2c-.552,0-1,.448-1,1s.448,1,1,1h2c2.757,0,5-2.243,5-5V6h.5c1.378,0,2.5-1.122,2.5-2.5v-.5c0-1.654-1.346-3-3-3Zm1,3.5c0,.276-.224.5-.5.5h-11c-.276,0-.5-.224-.5-.5,0-.537-.122-1.045-.338-1.5h11.338c.551,0,1,.449,1,1v.5Zm-13.5,6.5H3.5c-1.93,0-3.5,1.57-3.5,3.5v7c0,1.93,1.57,3.5,3.5,3.5h5c1.93,0,3.5-1.57,3.5-3.5v-7c0-1.93-1.57-3.5-3.5-3.5Zm1.5,10.5c0,.827-.673,1.5-1.5,1.5H3.5c-.827,0-1.5-.673-1.5-1.5v-7c0-.827.673-1.5,1.5-1.5h5c.827,0,1.5.673,1.5,1.5v7Zm-1-6.5c0,.552-.448,1-1,1h-4c-.552,0-1-.448-1-1s.448-1,1-1h4c.552,0,1,.448,1,1Zm0,3c0,.552-.448,1-1,1h-.5c-.552,0-1-.448-1-1s.448-1,1-1h.5c.552,0,1,.448,1,1Zm-3.5,0c0,.552-.448,1-1,1h-.5c-.552,0-1-.448-1-1s.448-1,1-1h.5c.552,0,1,.448,1,1Zm3.5,3c0,.552-.448,1-1,1h-.5c-.552,0-1-.448-1-1s.448-1,1-1h.5c.552,0,1,.448,1,1Zm-3.5,0c0,.552-.448,1-1,1h-.5c-.552,0-1-.448-1-1s.448-1,1-1h.5c.552,0,1,.448,1,1Z\"><\/path><\/svg>\t\t\t\t<\/span>\n\t\t\t<\/div>\n\t\t\t\n\t\t\t\t\t\t<div class=\"elementor-icon-box-content\">\n\n\t\t\t\t\t\t\t\t\t<h3 class=\"elementor-icon-box-title\">\n\t\t\t\t\t\t<span  >\n\t\t\t\t\t\t\tMuhasebe\t\t\t\t\t\t<\/span>\n\t\t\t\t\t<\/h3>\n\t\t\t\t\n\t\t\t\t\t\t\t\t\t<p class=\"elementor-icon-box-description\">\n\t\t\t\t\t\t\u0130\u015flemlerin tamamlanmas\u0131 ve takibi\nfaturalar, kasa defterleri, banka i\u015flemleri ve daha fazlas\u0131.\n\n\t\t\t\t\t<\/p>\n\t\t\t\t\n\t\t\t<\/div>\n\t\t\t\n\t\t<\/div>\n\t\t\t\t\t\t<\/div>\n\t\t\t\t<\/div>\n\t\t\t\t<\/div>\n\t\t<div class=\"elementor-element elementor-element-c4308fa e-con-full e-flex e-con e-child\" data-id=\"c4308fa\" data-element_type=\"container\" data-e-type=\"container\" data-settings=\"{&quot;ekit_has_onepagescroll_dot&quot;:&quot;yes&quot;}\">\n\t\t\t\t<div class=\"elementor-element elementor-element-29d2726 elementor-view-default elementor-position-block-start elementor-mobile-position-block-start elementor-widget elementor-widget-icon-box\" data-id=\"29d2726\" data-element_type=\"widget\" data-e-type=\"widget\" data-settings=\"{&quot;ekit_we_effect_on&quot;:&quot;none&quot;}\" data-widget_type=\"icon-box.default\">\n\t\t\t\t<div class=\"elementor-widget-container\">\n\t\t\t\t\t\t\t<div class=\"elementor-icon-box-wrapper\">\n\n\t\t\t\t\t\t<div class=\"elementor-icon-box-icon\">\n\t\t\t\t<span  class=\"elementor-icon\">\n\t\t\t\t<svg xmlns=\"http:\/\/www.w3.org\/2000\/svg\" id=\"Layer_1\" data-name=\"Layer 1\" viewbox=\"0 0 24 24\" width=\"512\" height=\"512\"><path d=\"M16.5,0c-4.206,0-7.5,1.977-7.5,4.5v2.587c-.483-.057-.985-.087-1.5-.087C3.294,7,0,8.977,0,11.5v8c0,2.523,3.294,4.5,7.5,4.5,3.407,0,6.216-1.297,7.16-3.131,.598,.087,1.214,.131,1.84,.131,4.206,0,7.5-1.977,7.5-4.5V4.5c0-2.523-3.294-4.5-7.5-4.5Zm5.5,12.5c0,1.18-2.352,2.5-5.5,2.5-.512,0-1.014-.035-1.5-.103v-1.984c.49,.057,.992,.087,1.5,.087,2.194,0,4.14-.538,5.5-1.411v.911ZM2,14.589c1.36,.873,3.306,1.411,5.5,1.411s4.14-.538,5.5-1.411v.911c0,1.18-2.352,2.5-5.5,2.5s-5.5-1.32-5.5-2.5v-.911Zm20-6.089c0,1.18-2.352,2.5-5.5,2.5-.535,0-1.06-.038-1.566-.112-.193-.887-.8-1.684-1.706-2.323,.984,.28,2.092,.435,3.272,.435,2.194,0,4.14-.538,5.5-1.411v.911Zm-5.5-6.5c3.148,0,5.5,1.32,5.5,2.5s-2.352,2.5-5.5,2.5-5.5-1.32-5.5-2.5,2.352-2.5,5.5-2.5ZM7.5,9c3.148,0,5.5,1.32,5.5,2.5s-2.352,2.5-5.5,2.5-5.5-1.32-5.5-2.5,2.352-2.5,5.5-2.5Zm0,13c-3.148,0-5.5-1.32-5.5-2.5v-.911c1.36,.873,3.306,1.411,5.5,1.411s4.14-.538,5.5-1.411v.911c0,1.18-2.352,2.5-5.5,2.5Zm9-3c-.512,0-1.014-.035-1.5-.103v-1.984c.49,.057,.992,.087,1.5,.087,2.194,0,4.14-.538,5.5-1.411v.911c0,1.18-2.352,2.5-5.5,2.5Z\"><\/path><\/svg>\t\t\t\t<\/span>\n\t\t\t<\/div>\n\t\t\t\n\t\t\t\t\t\t<div class=\"elementor-icon-box-content\">\n\n\t\t\t\t\t\t\t\t\t<h3 class=\"elementor-icon-box-title\">\n\t\t\t\t\t\t<span  >\n\t\t\t\t\t\t\tVergilendirme\t\t\t\t\t\t<\/span>\n\t\t\t\t\t<\/h3>\n\t\t\t\t\n\t\t\t\t\t\t\t\t\t<p class=\"elementor-icon-box-description\">\n\t\t\t\t\t\tEksiksiz haz\u0131rl\u0131k ve zaman\u0131nda dosyalama\nKDV, ki\u015fisel gelir vergisi ve kurumlar vergisi beyannameleri.\t\t\t\t\t<\/p>\n\t\t\t\t\n\t\t\t<\/div>\n\t\t\t\n\t\t<\/div>\n\t\t\t\t\t\t<\/div>\n\t\t\t\t<\/div>\n\t\t\t\t<\/div>\n\t\t<div class=\"elementor-element elementor-element-3500847 e-con-full e-flex e-con e-child\" data-id=\"3500847\" data-element_type=\"container\" data-e-type=\"container\" data-settings=\"{&quot;ekit_has_onepagescroll_dot&quot;:&quot;yes&quot;}\">\n\t\t\t\t<div class=\"elementor-element elementor-element-8f10e7d elementor-view-default elementor-position-block-start elementor-mobile-position-block-start elementor-widget elementor-widget-icon-box\" data-id=\"8f10e7d\" data-element_type=\"widget\" data-e-type=\"widget\" data-settings=\"{&quot;ekit_we_effect_on&quot;:&quot;none&quot;}\" data-widget_type=\"icon-box.default\">\n\t\t\t\t<div class=\"elementor-widget-container\">\n\t\t\t\t\t\t\t<div class=\"elementor-icon-box-wrapper\">\n\n\t\t\t\t\t\t<div class=\"elementor-icon-box-icon\">\n\t\t\t\t<span  class=\"elementor-icon\">\n\t\t\t\t<svg xmlns=\"http:\/\/www.w3.org\/2000\/svg\" id=\"Layer_1\" data-name=\"Layer 1\" viewbox=\"0 0 24 24\" width=\"512\" height=\"512\"><path d=\"M9,18H0V9a9,9,0,1,1,9,9ZM20,9.08h0A11.008,11.008,0,0,1,9.08,20h0A8,8,0,0,0,16,24h8V16A8,8,0,0,0,20,9.08Z\"><\/path><\/svg>\t\t\t\t<\/span>\n\t\t\t<\/div>\n\t\t\t\n\t\t\t\t\t\t<div class=\"elementor-icon-box-content\">\n\n\t\t\t\t\t\t\t\t\t<h3 class=\"elementor-icon-box-title\">\n\t\t\t\t\t\t<span  >\n\t\t\t\t\t\t\tGiri\u015fimcilik tavsiyeleri\t\t\t\t\t\t<\/span>\n\t\t\t\t\t<\/h3>\n\t\t\t\t\n\t\t\t\t\t\t\t\t\t<p class=\"elementor-icon-box-description\">\n\t\t\t\t\t\tB\u00fcy\u00fcme ve ba\u015far\u0131y\u0131 desteklemek i\u00e7in start-up'lara, KOB\u0130'lere ve SA'lara \u00f6zel vergi dan\u0131\u015fmanl\u0131\u011f\u0131.\n\t\t\t\t\t<\/p>\n\t\t\t\t\n\t\t\t<\/div>\n\t\t\t\n\t\t<\/div>\n\t\t\t\t\t\t<\/div>\n\t\t\t\t<\/div>\n\t\t\t\t<\/div>\n\t\t\t\t<\/div>\n\t\t\t\t\t<\/div>\n\t\t\t\t<\/div>\n\t\t\t\t<\/div>","protected":false},"excerpt":{"rendered":"<p>Diensten Home Boekhouding &amp; Fiscaliteit Startersadvies Begeleiding bij de opstart van uw zaak, inclusief de keuze van de juiste ondernemingsvorm en inschrijving. Boekhouding Volledige verwerking en opvolging van facturen, kasboeken, banktransacties en meer. Fiscaliteit Grondige voorbereiding en tijdige indiening van btw-, personenbelasting- en vennootschapsaangiftes. Ondernemersadvies Fiscaal advies op maat voor starters, kmo\u2019s en nv\u2019s ter [&hellip;]<\/p>\n","protected":false},"author":1,"featured_media":0,"parent":0,"menu_order":0,"comment_status":"closed","ping_status":"closed","template":"","meta":{"footnotes":""},"class_list":["post-24834","page","type-page","status-publish","hentry"],"yoast_head":"<!-- This site is optimized with the Yoast SEO Premium plugin v21.7 (Yoast SEO v27.0) - https:\/\/yoast.com\/product\/yoast-seo-premium-wordpress\/ -->\n<title>Diensten - LINC &amp; PARTNERS<\/title>\n<meta name=\"robots\" content=\"index, follow, max-snippet:-1, max-image-preview:large, max-video-preview:-1\" \/>\n<link rel=\"canonical\" href=\"https:\/\/flpnv.be\/tr\/diensten\/\" \/>\n<meta property=\"og:locale\" content=\"tr_TR\" \/>\n<meta property=\"og:type\" content=\"article\" \/>\n<meta property=\"og:title\" content=\"Diensten\" \/>\n<meta property=\"og:description\" content=\"Diensten Home Boekhouding &amp; Fiscaliteit Startersadvies Begeleiding bij de opstart van uw zaak, inclusief de keuze van de juiste ondernemingsvorm en inschrijving. Boekhouding Volledige verwerking en opvolging van facturen, kasboeken, banktransacties en meer. Fiscaliteit Grondige voorbereiding en tijdige indiening van btw-, personenbelasting- en vennootschapsaangiftes. Ondernemersadvies Fiscaal advies op maat voor starters, kmo\u2019s en nv\u2019s ter [&hellip;]\" \/>\n<meta property=\"og:url\" content=\"https:\/\/flpnv.be\/tr\/diensten\/\" \/>\n<meta property=\"og:site_name\" content=\"LINC &amp; PARTNERS\" \/>\n<meta property=\"article:modified_time\" content=\"2026-02-23T20:57:58+00:00\" \/>\n<meta name=\"twitter:card\" content=\"summary_large_image\" \/>\n<meta name=\"twitter:label1\" content=\"Tahmini okuma s\u00fcresi\" \/>\n\t<meta name=\"twitter:data1\" content=\"1 dakika\" \/>\n<script type=\"application\/ld+json\" class=\"yoast-schema-graph\">{\"@context\":\"https:\/\/schema.org\",\"@graph\":[{\"@type\":\"WebPage\",\"@id\":\"https:\/\/flpnv.be\/diensten\/\",\"url\":\"https:\/\/flpnv.be\/diensten\/\",\"name\":\"Diensten - LINC &amp; PARTNERS\",\"isPartOf\":{\"@id\":\"https:\/\/darkorchid-dotterel-890999.hostingersite.com\/#website\"},\"datePublished\":\"2025-04-18T18:54:27+00:00\",\"dateModified\":\"2026-02-23T20:57:58+00:00\",\"breadcrumb\":{\"@id\":\"https:\/\/flpnv.be\/diensten\/#breadcrumb\"},\"inLanguage\":\"tr\",\"potentialAction\":[{\"@type\":\"ReadAction\",\"target\":[\"https:\/\/flpnv.be\/diensten\/\"]}]},{\"@type\":\"BreadcrumbList\",\"@id\":\"https:\/\/flpnv.be\/diensten\/#breadcrumb\",\"itemListElement\":[{\"@type\":\"ListItem\",\"position\":1,\"name\":\"Home\",\"item\":\"https:\/\/flpnv.be\/\"},{\"@type\":\"ListItem\",\"position\":2,\"name\":\"Diensten\"}]},{\"@type\":\"WebSite\",\"@id\":\"https:\/\/darkorchid-dotterel-890999.hostingersite.com\/#website\",\"url\":\"https:\/\/darkorchid-dotterel-890999.hostingersite.com\/\",\"name\":\"LINC &amp; PARTNERS\",\"description\":\"\",\"potentialAction\":[{\"@type\":\"SearchAction\",\"target\":{\"@type\":\"EntryPoint\",\"urlTemplate\":\"https:\/\/darkorchid-dotterel-890999.hostingersite.com\/?s={search_term_string}\"},\"query-input\":{\"@type\":\"PropertyValueSpecification\",\"valueRequired\":true,\"valueName\":\"search_term_string\"}}],\"inLanguage\":\"tr\"}]}<\/script>\n<!-- \/ Yoast SEO Premium plugin. -->","yoast_head_json":{"title":"Diensten - LINC &amp; PARTNERS","robots":{"index":"index","follow":"follow","max-snippet":"max-snippet:-1","max-image-preview":"max-image-preview:large","max-video-preview":"max-video-preview:-1"},"canonical":"https:\/\/flpnv.be\/tr\/diensten\/","og_locale":"tr_TR","og_type":"article","og_title":"Diensten","og_description":"Diensten Home Boekhouding &amp; Fiscaliteit Startersadvies Begeleiding bij de opstart van uw zaak, inclusief de keuze van de juiste ondernemingsvorm en inschrijving. Boekhouding Volledige verwerking en opvolging van facturen, kasboeken, banktransacties en meer. Fiscaliteit Grondige voorbereiding en tijdige indiening van btw-, personenbelasting- en vennootschapsaangiftes. Ondernemersadvies Fiscaal advies op maat voor starters, kmo\u2019s en nv\u2019s ter [&hellip;]","og_url":"https:\/\/flpnv.be\/tr\/diensten\/","og_site_name":"LINC &amp; PARTNERS","article_modified_time":"2026-02-23T20:57:58+00:00","twitter_card":"summary_large_image","twitter_misc":{"Tahmini okuma s\u00fcresi":"1 dakika"},"schema":{"@context":"https:\/\/schema.org","@graph":[{"@type":"WebPage","@id":"https:\/\/flpnv.be\/diensten\/","url":"https:\/\/flpnv.be\/diensten\/","name":"Diensten - LINC &amp; PARTNERS","isPartOf":{"@id":"https:\/\/darkorchid-dotterel-890999.hostingersite.com\/#website"},"datePublished":"2025-04-18T18:54:27+00:00","dateModified":"2026-02-23T20:57:58+00:00","breadcrumb":{"@id":"https:\/\/flpnv.be\/diensten\/#breadcrumb"},"inLanguage":"tr","potentialAction":[{"@type":"ReadAction","target":["https:\/\/flpnv.be\/diensten\/"]}]},{"@type":"BreadcrumbList","@id":"https:\/\/flpnv.be\/diensten\/#breadcrumb","itemListElement":[{"@type":"ListItem","position":1,"name":"Home","item":"https:\/\/flpnv.be\/"},{"@type":"ListItem","position":2,"name":"Diensten"}]},{"@type":"WebSite","@id":"https:\/\/darkorchid-dotterel-890999.hostingersite.com\/#website","url":"https:\/\/darkorchid-dotterel-890999.hostingersite.com\/","name":"LINC &amp; PARTNERS A.\u015e.","description":"","potentialAction":[{"@type":"SearchAction","target":{"@type":"EntryPoint","urlTemplate":"https:\/\/darkorchid-dotterel-890999.hostingersite.com\/?s={search_term_string}"},"query-input":{"@type":"PropertyValueSpecification","valueRequired":true,"valueName":"search_term_string"}}],"inLanguage":"tr"}]}},"_links":{"self":[{"href":"https:\/\/flpnv.be\/tr\/wp-json\/wp\/v2\/pages\/24834","targetHints":{"allow":["GET"]}}],"collection":[{"href":"https:\/\/flpnv.be\/tr\/wp-json\/wp\/v2\/pages"}],"about":[{"href":"https:\/\/flpnv.be\/tr\/wp-json\/wp\/v2\/types\/page"}],"author":[{"embeddable":true,"href":"https:\/\/flpnv.be\/tr\/wp-json\/wp\/v2\/users\/1"}],"replies":[{"embeddable":true,"href":"https:\/\/flpnv.be\/tr\/wp-json\/wp\/v2\/comments?post=24834"}],"version-history":[{"count":34,"href":"https:\/\/flpnv.be\/tr\/wp-json\/wp\/v2\/pages\/24834\/revisions"}],"predecessor-version":[{"id":25628,"href":"https:\/\/flpnv.be\/tr\/wp-json\/wp\/v2\/pages\/24834\/revisions\/25628"}],"wp:attachment":[{"href":"https:\/\/flpnv.be\/tr\/wp-json\/wp\/v2\/media?parent=24834"}],"curies":[{"name":"wp","href":"https:\/\/api.w.org\/{rel}","templated":true}]}}